{"id":174,"date":"2025-02-26T15:05:38","date_gmt":"2025-02-26T14:05:38","guid":{"rendered":"https:\/\/mellamanintensa.adrirodrigob1.es\/?page_id=174"},"modified":"2025-02-27T17:13:37","modified_gmt":"2025-02-27T16:13:37","slug":"terapias","status":"publish","type":"page","link":"https:\/\/mellamanintensa.adrirodrigob1.es\/en\/terapias\/","title":{"rendered":"Therapies"},"content":{"rendered":"<div data-elementor-type=\"wp-page\" data-elementor-id=\"174\" class=\"elementor elementor-174\" data-elementor-post-type=\"page\">\n\t\t\t\t<div class=\"elementor-element elementor-element-60a4f40e e-flex e-con-boxed e-con e-parent\" data-id=\"60a4f40e\" data-element_type=\"container\" data-e-type=\"container\" data-settings=\"{&quot;background_background&quot;:&quot;classic&quot;}\">\n\t\t\t\t\t<div class=\"e-con-inner\">\n\t\t<div class=\"elementor-element elementor-element-1c616f0c e-flex e-con-boxed e-con e-child\" data-id=\"1c616f0c\" data-element_type=\"container\" data-e-type=\"container\">\n\t\t\t\t\t<div class=\"e-con-inner\">\n\t\t\t\t<div class=\"elementor-element elementor-element-7e2a322e elementor-widget elementor-widget-heading\" data-id=\"7e2a322e\" data-element_type=\"widget\" data-e-type=\"widget\" data-widget_type=\"heading.default\">\n\t\t\t\t<div class=\"elementor-widget-container\">\n\t\t\t\t\t<h2 class=\"elementor-heading-title elementor-size-default\">Therapies<\/h2>\t\t\t\t<\/div>\n\t\t\t\t<\/div>\n\t\t\t\t<div class=\"elementor-element elementor-element-120e79c4 elementor-icon-list--layout-inline elementor-align-start elementor-list-item-link-full_width elementor-widget elementor-widget-icon-list\" data-id=\"120e79c4\" data-element_type=\"widget\" data-e-type=\"widget\" data-widget_type=\"icon-list.default\">\n\t\t\t\t<div class=\"elementor-widget-container\">\n\t\t\t\t\t\t\t<ul class=\"elementor-icon-list-items elementor-inline-items\">\n\t\t\t\t\t\t\t<li class=\"elementor-icon-list-item elementor-inline-item\">\n\t\t\t\t\t\t\t\t\t\t<span class=\"elementor-icon-list-text\">Home<\/span>\n\t\t\t\t\t\t\t\t\t<\/li>\n\t\t\t\t\t\t\t\t<li class=\"elementor-icon-list-item elementor-inline-item\">\n\t\t\t\t\t\t\t\t\t\t\t<span class=\"elementor-icon-list-icon\">\n\t\t\t\t\t\t\t<i aria-hidden=\"true\" class=\"jki jki-right-arrow-8\"><\/i>\t\t\t\t\t\t<\/span>\n\t\t\t\t\t\t\t\t\t\t<span class=\"elementor-icon-list-text\">Therapies<\/span>\n\t\t\t\t\t\t\t\t\t<\/li>\n\t\t\t\t\t\t<\/ul>\n\t\t\t\t\t\t<\/div>\n\t\t\t\t<\/div>\n\t\t\t\t\t<\/div>\n\t\t\t\t<\/div>\n\t\t\t\t\t<\/div>\n\t\t\t\t<\/div>\n\t\t<div class=\"elementor-element elementor-element-425697d e-flex e-con-boxed e-con e-parent\" data-id=\"425697d\" data-element_type=\"container\" data-e-type=\"container\">\n\t\t\t\t\t<div class=\"e-con-inner\">\n\t\t<div class=\"elementor-element elementor-element-29654625 e-flex e-con-boxed e-con e-child\" data-id=\"29654625\" data-element_type=\"container\" data-e-type=\"container\" data-settings=\"{&quot;background_background&quot;:&quot;classic&quot;}\">\n\t\t\t\t\t<div class=\"e-con-inner\">\n\t\t<div class=\"elementor-element elementor-element-33ef679f e-con-full e-flex e-con e-child\" data-id=\"33ef679f\" data-element_type=\"container\" data-e-type=\"container\">\n\t\t\t\t<div class=\"elementor-element elementor-element-109dce96 elementor-widget elementor-widget-heading\" data-id=\"109dce96\" data-element_type=\"widget\" data-e-type=\"widget\" data-widget_type=\"heading.default\">\n\t\t\t\t<div class=\"elementor-widget-container\">\n\t\t\t\t\t<h2 class=\"elementor-heading-title elementor-size-default\">Child and Adolescent Psychology<\/h2>\t\t\t\t<\/div>\n\t\t\t\t<\/div>\n\t\t<div class=\"elementor-element elementor-element-4abf807 e-grid e-con-full e-con e-child\" data-id=\"4abf807\" data-element_type=\"container\" data-e-type=\"container\" data-settings=\"{&quot;background_background&quot;:&quot;classic&quot;}\">\n\t\t<div class=\"elementor-element elementor-element-0d8dc67 e-con-full e-flex e-con e-child\" data-id=\"0d8dc67\" data-element_type=\"container\" data-e-type=\"container\">\n\t\t\t\t<div class=\"elementor-element elementor-element-32808a01 elementor-widget elementor-widget-text-editor\" data-id=\"32808a01\" data-element_type=\"widget\" data-e-type=\"widget\" data-widget_type=\"text-editor.default\">\n\t\t\t\t<div class=\"elementor-widget-container\">\n\t\t\t\t\t\t\t\t\t<p data-pm-slice=\"1 1 []\"><span style=\"color: #000000;\"><strong>Behavioral and Learning Disorders Therapy and Diagnosis<\/strong><\/span><\/p><p class=\"translation-block\">Child and adolescent development can present challenges that require specialized intervention. At <strong>Me Llaman Intensa<\/strong>, we address disorders such as ADHD, ASD, dyslexia and behavioral problems with a personalized approach. We apply detailed assessments and therapeutic strategies to enhance emotional well-being and academic performance.<\/p>\t\t\t\t\t\t\t\t<\/div>\n\t\t\t\t<\/div>\n\t\t\t\t<div class=\"elementor-element elementor-element-3dd7daab elementor-widget elementor-widget-text-editor\" data-id=\"3dd7daab\" data-element_type=\"widget\" data-e-type=\"widget\" data-widget_type=\"text-editor.default\">\n\t\t\t\t<div class=\"elementor-widget-container\">\n\t\t\t\t\t\t\t\t\t<p data-pm-slice=\"1 1 []\"><span style=\"color: #000000;\"><strong>Reeducations<\/strong><\/span><\/p><p>Through psychological re-education, we help children and adolescents develop healthy learning habits, improve social skills and manage emotions effectively. We implement cognitive-behavioral techniques to reinforce self-esteem and autonomy, allowing each patient to discover his or her potential.<\/p>\t\t\t\t\t\t\t\t<\/div>\n\t\t\t\t<\/div>\n\t\t\t\t<\/div>\n\t\t<div class=\"elementor-element elementor-element-5e2ce09 e-con-full e-flex e-con e-child\" data-id=\"5e2ce09\" data-element_type=\"container\" data-e-type=\"container\">\n\t\t<div class=\"elementor-element elementor-element-1a9897de e-con-full e-flex e-con e-child\" data-id=\"1a9897de\" data-element_type=\"container\" data-e-type=\"container\" data-settings=\"{&quot;background_background&quot;:&quot;classic&quot;}\">\n\t\t\t\t<div class=\"elementor-element elementor-element-2e1307bf elementor-widget elementor-widget-spacer\" data-id=\"2e1307bf\" data-element_type=\"widget\" data-e-type=\"widget\" data-widget_type=\"spacer.default\">\n\t\t\t\t<div class=\"elementor-widget-container\">\n\t\t\t\t\t\t\t<div class=\"elementor-spacer\">\n\t\t\t<div class=\"elementor-spacer-inner\"><\/div>\n\t\t<\/div>\n\t\t\t\t\t\t<\/div>\n\t\t\t\t<\/div>\n\t\t\t\t<\/div>\n\t\t\t\t<\/div>\n\t\t\t\t<\/div>\n\t\t\t\t<\/div>\n\t\t\t\t\t<\/div>\n\t\t\t\t<\/div>\n\t\t\t\t\t<\/div>\n\t\t\t\t<\/div>\n\t\t<div class=\"elementor-element elementor-element-13afdb8 e-flex e-con-boxed e-con e-parent\" data-id=\"13afdb8\" data-element_type=\"container\" data-e-type=\"container\">\n\t\t\t\t\t<div class=\"e-con-inner\">\n\t\t<div class=\"elementor-element elementor-element-ef938fd e-flex e-con-boxed e-con e-child\" data-id=\"ef938fd\" data-element_type=\"container\" data-e-type=\"container\" data-settings=\"{&quot;background_background&quot;:&quot;classic&quot;}\">\n\t\t\t\t\t<div class=\"e-con-inner\">\n\t\t<div class=\"elementor-element elementor-element-2b9ee1a e-con-full e-flex e-con e-child\" data-id=\"2b9ee1a\" data-element_type=\"container\" data-e-type=\"container\">\n\t\t<div class=\"elementor-element elementor-element-357f238 e-con-full e-flex e-con e-child\" data-id=\"357f238\" data-element_type=\"container\" data-e-type=\"container\">\n\t\t<div class=\"elementor-element elementor-element-d18207a e-flex e-con-boxed e-con e-child\" data-id=\"d18207a\" data-element_type=\"container\" data-e-type=\"container\">\n\t\t\t\t\t<div class=\"e-con-inner\">\n\t\t\t\t<div class=\"elementor-element elementor-element-3172921 elementor-widget elementor-widget-heading\" data-id=\"3172921\" data-element_type=\"widget\" data-e-type=\"widget\" data-widget_type=\"heading.default\">\n\t\t\t\t<div class=\"elementor-widget-container\">\n\t\t\t\t\t<h2 class=\"elementor-heading-title elementor-size-default\">Adult Psychology<\/h2>\t\t\t\t<\/div>\n\t\t\t\t<\/div>\n\t\t\t\t<div class=\"elementor-element elementor-element-ced2945 elementor-align-start elementor-icon-list--layout-traditional elementor-list-item-link-full_width elementor-widget elementor-widget-icon-list\" data-id=\"ced2945\" data-element_type=\"widget\" data-e-type=\"widget\" data-widget_type=\"icon-list.default\">\n\t\t\t\t<div class=\"elementor-widget-container\">\n\t\t\t\t\t\t\t<ul class=\"elementor-icon-list-items\">\n\t\t\t\t\t\t\t<li class=\"elementor-icon-list-item\">\n\t\t\t\t\t\t\t\t\t\t\t<span class=\"elementor-icon-list-icon\">\n\t\t\t\t\t\t\t<svg aria-hidden=\"true\" class=\"e-font-icon-svg e-fas-check-circle\" viewbox=\"0 0 512 512\" xmlns=\"http:\/\/www.w3.org\/2000\/svg\"><path d=\"M504 256c0 136.967-111.033 248-248 248S8 392.967 8 256 119.033 8 256 8s248 111.033 248 248zM227.314 387.314l184-184c6.248-6.248 6.248-16.379 0-22.627l-22.627-22.627c-6.248-6.249-16.379-6.249-22.628 0L216 308.118l-70.059-70.059c-6.248-6.248-16.379-6.248-22.628 0l-22.627 22.627c-6.248 6.248-6.248 16.379 0 22.627l104 104c6.249 6.249 16.379 6.249 22.628.001z\"><\/path><\/svg>\t\t\t\t\t\t<\/span>\n\t\t\t\t\t\t\t\t\t\t<span class=\"elementor-icon-list-text\">States of Anxiety and Depression<\/span>\n\t\t\t\t\t\t\t\t\t<\/li>\n\t\t\t\t\t\t\t\t<li class=\"elementor-icon-list-item\">\n\t\t\t\t\t\t\t\t\t\t\t<span class=\"elementor-icon-list-icon\">\n\t\t\t\t\t\t\t<svg aria-hidden=\"true\" class=\"e-font-icon-svg e-fas-check-circle\" viewbox=\"0 0 512 512\" xmlns=\"http:\/\/www.w3.org\/2000\/svg\"><path d=\"M504 256c0 136.967-111.033 248-248 248S8 392.967 8 256 119.033 8 256 8s248 111.033 248 248zM227.314 387.314l184-184c6.248-6.248 6.248-16.379 0-22.627l-22.627-22.627c-6.248-6.249-16.379-6.249-22.628 0L216 308.118l-70.059-70.059c-6.248-6.248-16.379-6.248-22.628 0l-22.627 22.627c-6.248 6.248-6.248 16.379 0 22.627l104 104c6.249 6.249 16.379 6.249 22.628.001z\"><\/path><\/svg>\t\t\t\t\t\t<\/span>\n\t\t\t\t\t\t\t\t\t\t<span class=\"elementor-icon-list-text\">Duel<\/span>\n\t\t\t\t\t\t\t\t\t<\/li>\n\t\t\t\t\t\t\t\t<li class=\"elementor-icon-list-item\">\n\t\t\t\t\t\t\t\t\t\t\t<span class=\"elementor-icon-list-icon\">\n\t\t\t\t\t\t\t<svg aria-hidden=\"true\" class=\"e-font-icon-svg e-fas-check-circle\" viewbox=\"0 0 512 512\" xmlns=\"http:\/\/www.w3.org\/2000\/svg\"><path d=\"M504 256c0 136.967-111.033 248-248 248S8 392.967 8 256 119.033 8 256 8s248 111.033 248 248zM227.314 387.314l184-184c6.248-6.248 6.248-16.379 0-22.627l-22.627-22.627c-6.248-6.249-16.379-6.249-22.628 0L216 308.118l-70.059-70.059c-6.248-6.248-16.379-6.248-22.628 0l-22.627 22.627c-6.248 6.248-6.248 16.379 0 22.627l104 104c6.249 6.249 16.379 6.249 22.628.001z\"><\/path><\/svg>\t\t\t\t\t\t<\/span>\n\t\t\t\t\t\t\t\t\t\t<span class=\"elementor-icon-list-text\">Emotional Therapy<\/span>\n\t\t\t\t\t\t\t\t\t<\/li>\n\t\t\t\t\t\t\t\t<li class=\"elementor-icon-list-item\">\n\t\t\t\t\t\t\t\t\t\t\t<span class=\"elementor-icon-list-icon\">\n\t\t\t\t\t\t\t<svg aria-hidden=\"true\" class=\"e-font-icon-svg e-fas-check-circle\" viewbox=\"0 0 512 512\" xmlns=\"http:\/\/www.w3.org\/2000\/svg\"><path d=\"M504 256c0 136.967-111.033 248-248 248S8 392.967 8 256 119.033 8 256 8s248 111.033 248 248zM227.314 387.314l184-184c6.248-6.248 6.248-16.379 0-22.627l-22.627-22.627c-6.248-6.249-16.379-6.249-22.628 0L216 308.118l-70.059-70.059c-6.248-6.248-16.379-6.248-22.628 0l-22.627 22.627c-6.248 6.248-6.248 16.379 0 22.627l104 104c6.249 6.249 16.379 6.249 22.628.001z\"><\/path><\/svg>\t\t\t\t\t\t<\/span>\n\t\t\t\t\t\t\t\t\t\t<span class=\"elementor-icon-list-text\">Personal Development<\/span>\n\t\t\t\t\t\t\t\t\t<\/li>\n\t\t\t\t\t\t\t\t<li class=\"elementor-icon-list-item\">\n\t\t\t\t\t\t\t\t\t\t\t<span class=\"elementor-icon-list-icon\">\n\t\t\t\t\t\t\t<svg aria-hidden=\"true\" class=\"e-font-icon-svg e-fas-check-circle\" viewbox=\"0 0 512 512\" xmlns=\"http:\/\/www.w3.org\/2000\/svg\"><path d=\"M504 256c0 136.967-111.033 248-248 248S8 392.967 8 256 119.033 8 256 8s248 111.033 248 248zM227.314 387.314l184-184c6.248-6.248 6.248-16.379 0-22.627l-22.627-22.627c-6.248-6.249-16.379-6.249-22.628 0L216 308.118l-70.059-70.059c-6.248-6.248-16.379-6.248-22.628 0l-22.627 22.627c-6.248 6.248-6.248 16.379 0 22.627l104 104c6.249 6.249 16.379 6.249 22.628.001z\"><\/path><\/svg>\t\t\t\t\t\t<\/span>\n\t\t\t\t\t\t\t\t\t\t<span class=\"elementor-icon-list-text\">Behavioral Disorders and Other Psychopathologies<\/span>\n\t\t\t\t\t\t\t\t\t<\/li>\n\t\t\t\t\t\t<\/ul>\n\t\t\t\t\t\t<\/div>\n\t\t\t\t<\/div>\n\t\t\t\t\t<\/div>\n\t\t\t\t<\/div>\n\t\t<div class=\"elementor-element elementor-element-f90a61c e-con-full e-flex e-con e-child\" data-id=\"f90a61c\" data-element_type=\"container\" data-e-type=\"container\">\n\t\t\t\t<div class=\"elementor-element elementor-element-9b560f5 elementor-widget elementor-widget-image\" data-id=\"9b560f5\" data-element_type=\"widget\" data-e-type=\"widget\" data-widget_type=\"image.default\">\n\t\t\t\t<div class=\"elementor-widget-container\">\n\t\t\t\t\t\t\t\t\t\t\t\t\t\t\t<img fetchpriority=\"high\" decoding=\"async\" width=\"1440\" height=\"961\" src=\"https:\/\/mellamanintensa.adrirodrigob1.es\/wp-content\/uploads\/2025\/02\/happy-couple-during-the-psychology-therapy-indoors-e1695897650639.jpg\" class=\"attachment-full size-full wp-image-362\" alt=\"\" srcset=\"https:\/\/mellamanintensa.adrirodrigob1.es\/wp-content\/uploads\/2025\/02\/happy-couple-during-the-psychology-therapy-indoors-e1695897650639.jpg 1440w, https:\/\/mellamanintensa.adrirodrigob1.es\/wp-content\/uploads\/2025\/02\/happy-couple-during-the-psychology-therapy-indoors-e1695897650639-300x200.jpg 300w, https:\/\/mellamanintensa.adrirodrigob1.es\/wp-content\/uploads\/2025\/02\/happy-couple-during-the-psychology-therapy-indoors-e1695897650639-1024x683.jpg 1024w, https:\/\/mellamanintensa.adrirodrigob1.es\/wp-content\/uploads\/2025\/02\/happy-couple-during-the-psychology-therapy-indoors-e1695897650639-768x513.jpg 768w\" sizes=\"(max-width: 1440px) 100vw, 1440px\" \/>\t\t\t\t\t\t\t\t\t\t\t\t\t\t\t<\/div>\n\t\t\t\t<\/div>\n\t\t\t\t<\/div>\n\t\t\t\t<\/div>\n\t\t\t\t<div class=\"elementor-element elementor-element-aecce59 elementor-widget elementor-widget-text-editor\" data-id=\"aecce59\" data-element_type=\"widget\" data-e-type=\"widget\" data-widget_type=\"text-editor.default\">\n\t\t\t\t<div class=\"elementor-widget-container\">\n\t\t\t\t\t\t\t\t\t<p data-pm-slice=\"1 1 []\"><strong>Online Therapy with the Flexibility You Need<\/strong><\/p>\t\t\t\t\t\t\t\t<\/div>\n\t\t\t\t<\/div>\n\t\t\t\t<div class=\"elementor-element elementor-element-2a583e3 elementor-widget elementor-widget-text-editor\" data-id=\"2a583e3\" data-element_type=\"widget\" data-e-type=\"widget\" data-widget_type=\"text-editor.default\">\n\t\t\t\t<div class=\"elementor-widget-container\">\n\t\t\t\t\t\t\t\t\t<p data-pm-slice=\"1 1 []\">We know that the current pace of life often makes it difficult to attend face-to-face therapy. Therefore, we focus on online therapies, allowing you to access your session from anywhere, with the same quality and effectiveness as a face-to-face consultation.<\/p><p><strong>\ud83d\udc49 Scheduling your session is quick and easy.<\/strong> Click on the button below to book your appointment.<\/p>\t\t\t\t\t\t\t\t<\/div>\n\t\t\t\t<\/div>\n\t\t\t\t<div class=\"elementor-element elementor-element-5511d3a elementor-widget elementor-widget-jkit_button\" data-id=\"5511d3a\" data-element_type=\"widget\" data-e-type=\"widget\" data-widget_type=\"jkit_button.default\">\n\t\t\t\t<div class=\"elementor-widget-container\">\n\t\t\t\t\t<div  class=\"jeg-elementor-kit jkit-button  icon-position-after jeg_module___69e0fcc94d462\" ><a href=\"https:\/\/www.doctoralia.es\/maria-soriano-somoza\/psicologo\/barcelona\" class=\"jkit-button-wrapper\">Book your session online<i aria-hidden=\"true\" class=\"jki jki-right-arrow-light\"><\/i><\/a><\/div>\t\t\t\t<\/div>\n\t\t\t\t<\/div>\n\t\t\t\t<\/div>\n\t\t\t\t\t<\/div>\n\t\t\t\t<\/div>\n\t\t\t\t\t<\/div>\n\t\t\t\t<\/div>\n\t\t\t\t<\/div>","protected":false},"excerpt":{"rendered":"<p>Terapias Inicio Terapias Psicolog\u00eda Infantojuvenil Terapia y Diagn\u00f3stico de Trastornos de la Conducta y Aprendizaje El desarrollo infantil y juvenil puede presentar desaf\u00edos que requieren una intervenci\u00f3n especializada. En Me Llaman Intensa, abordamos trastornos como TDAH, TEA, dislexia y problemas de conducta con un enfoque personalizado. Aplicamos evaluaciones detalladas y estrategias terap\u00e9uticas para potenciar el [&hellip;]<\/p>","protected":false},"author":12,"featured_media":0,"parent":0,"menu_order":0,"comment_status":"closed","ping_status":"closed","template":"","meta":{"footnotes":""},"class_list":["post-174","page","type-page","status-publish","hentry"],"yoast_head":"<!-- This site is optimized with the Yoast SEO plugin v27.4 - https:\/\/yoast.com\/product\/yoast-seo-wordpress\/ -->\n<title>Terapias - Me llaman intensa<\/title>\n<meta name=\"robots\" content=\"noindex, follow, max-snippet:-1, max-image-preview:large, max-video-preview:-1\" \/>\n<meta property=\"og:locale\" content=\"en_US\" \/>\n<meta property=\"og:type\" content=\"article\" \/>\n<meta property=\"og:title\" content=\"Terapias - Me llaman intensa\" \/>\n<meta property=\"og:description\" content=\"Terapias Inicio Terapias Psicolog\u00eda Infantojuvenil Terapia y Diagn\u00f3stico de Trastornos de la Conducta y Aprendizaje El desarrollo infantil y juvenil puede presentar desaf\u00edos que requieren una intervenci\u00f3n especializada. En Me Llaman Intensa, abordamos trastornos como TDAH, TEA, dislexia y problemas de conducta con un enfoque personalizado. Aplicamos evaluaciones detalladas y estrategias terap\u00e9uticas para potenciar el [&hellip;]\" \/>\n<meta property=\"og:url\" content=\"https:\/\/mellamanintensa.adrirodrigob1.es\/en\/terapias\/\" \/>\n<meta property=\"og:site_name\" content=\"Me llaman intensa\" \/>\n<meta property=\"article:modified_time\" content=\"2025-02-27T16:13:37+00:00\" \/>\n<meta property=\"og:image\" content=\"https:\/\/mellamanintensa.adrirodrigob1.es\/wp-content\/uploads\/2025\/02\/happy-couple-during-the-psychology-therapy-indoors-e1695897650639.jpg\" \/>\n\t<meta property=\"og:image:width\" content=\"1440\" \/>\n\t<meta property=\"og:image:height\" content=\"961\" \/>\n\t<meta property=\"og:image:type\" content=\"image\/jpeg\" \/>\n<meta name=\"twitter:card\" content=\"summary_large_image\" \/>\n<meta name=\"twitter:label1\" content=\"Est. reading time\" \/>\n\t<meta name=\"twitter:data1\" content=\"2 minutes\" \/>\n<script type=\"application\/ld+json\" class=\"yoast-schema-graph\">{\"@context\":\"https:\\\/\\\/schema.org\",\"@graph\":[{\"@type\":\"WebPage\",\"@id\":\"https:\\\/\\\/mellamanintensa.adrirodrigob1.es\\\/terapias\\\/\",\"url\":\"https:\\\/\\\/mellamanintensa.adrirodrigob1.es\\\/terapias\\\/\",\"name\":\"Terapias - Me llaman intensa\",\"isPartOf\":{\"@id\":\"https:\\\/\\\/mellamanintensa.adrirodrigob1.es\\\/#website\"},\"primaryImageOfPage\":{\"@id\":\"https:\\\/\\\/mellamanintensa.adrirodrigob1.es\\\/terapias\\\/#primaryimage\"},\"image\":{\"@id\":\"https:\\\/\\\/mellamanintensa.adrirodrigob1.es\\\/terapias\\\/#primaryimage\"},\"thumbnailUrl\":\"https:\\\/\\\/mellamanintensa.adrirodrigob1.es\\\/wp-content\\\/uploads\\\/2025\\\/02\\\/happy-couple-during-the-psychology-therapy-indoors-e1695897650639.jpg\",\"datePublished\":\"2025-02-26T14:05:38+00:00\",\"dateModified\":\"2025-02-27T16:13:37+00:00\",\"breadcrumb\":{\"@id\":\"https:\\\/\\\/mellamanintensa.adrirodrigob1.es\\\/terapias\\\/#breadcrumb\"},\"inLanguage\":\"en-US\",\"potentialAction\":[{\"@type\":\"ReadAction\",\"target\":[\"https:\\\/\\\/mellamanintensa.adrirodrigob1.es\\\/terapias\\\/\"]}]},{\"@type\":\"ImageObject\",\"inLanguage\":\"en-US\",\"@id\":\"https:\\\/\\\/mellamanintensa.adrirodrigob1.es\\\/terapias\\\/#primaryimage\",\"url\":\"https:\\\/\\\/mellamanintensa.adrirodrigob1.es\\\/wp-content\\\/uploads\\\/2025\\\/02\\\/happy-couple-during-the-psychology-therapy-indoors-e1695897650639.jpg\",\"contentUrl\":\"https:\\\/\\\/mellamanintensa.adrirodrigob1.es\\\/wp-content\\\/uploads\\\/2025\\\/02\\\/happy-couple-during-the-psychology-therapy-indoors-e1695897650639.jpg\"},{\"@type\":\"BreadcrumbList\",\"@id\":\"https:\\\/\\\/mellamanintensa.adrirodrigob1.es\\\/terapias\\\/#breadcrumb\",\"itemListElement\":[{\"@type\":\"ListItem\",\"position\":1,\"name\":\"Portada\",\"item\":\"https:\\\/\\\/mellamanintensa.adrirodrigob1.es\\\/\"},{\"@type\":\"ListItem\",\"position\":2,\"name\":\"Terapias\"}]},{\"@type\":\"WebSite\",\"@id\":\"https:\\\/\\\/mellamanintensa.adrirodrigob1.es\\\/#website\",\"url\":\"https:\\\/\\\/mellamanintensa.adrirodrigob1.es\\\/\",\"name\":\"Me llaman intensa\",\"description\":\"\",\"potentialAction\":[{\"@type\":\"SearchAction\",\"target\":{\"@type\":\"EntryPoint\",\"urlTemplate\":\"https:\\\/\\\/mellamanintensa.adrirodrigob1.es\\\/?s={search_term_string}\"},\"query-input\":{\"@type\":\"PropertyValueSpecification\",\"valueRequired\":true,\"valueName\":\"search_term_string\"}}],\"inLanguage\":\"en-US\"}]}<\/script>\n<!-- \/ Yoast SEO plugin. -->","yoast_head_json":{"title":"Terapias - Me llaman intensa","robots":{"index":"noindex","follow":"follow","max-snippet":"max-snippet:-1","max-image-preview":"max-image-preview:large","max-video-preview":"max-video-preview:-1"},"og_locale":"en_US","og_type":"article","og_title":"Terapias - Me llaman intensa","og_description":"Terapias Inicio Terapias Psicolog\u00eda Infantojuvenil Terapia y Diagn\u00f3stico de Trastornos de la Conducta y Aprendizaje El desarrollo infantil y juvenil puede presentar desaf\u00edos que requieren una intervenci\u00f3n especializada. En Me Llaman Intensa, abordamos trastornos como TDAH, TEA, dislexia y problemas de conducta con un enfoque personalizado. Aplicamos evaluaciones detalladas y estrategias terap\u00e9uticas para potenciar el [&hellip;]","og_url":"https:\/\/mellamanintensa.adrirodrigob1.es\/en\/terapias\/","og_site_name":"Me llaman intensa","article_modified_time":"2025-02-27T16:13:37+00:00","og_image":[{"width":1440,"height":961,"url":"https:\/\/mellamanintensa.adrirodrigob1.es\/wp-content\/uploads\/2025\/02\/happy-couple-during-the-psychology-therapy-indoors-e1695897650639.jpg","type":"image\/jpeg"}],"twitter_card":"summary_large_image","twitter_misc":{"Est. reading time":"2 minutes"},"schema":{"@context":"https:\/\/schema.org","@graph":[{"@type":"WebPage","@id":"https:\/\/mellamanintensa.adrirodrigob1.es\/terapias\/","url":"https:\/\/mellamanintensa.adrirodrigob1.es\/terapias\/","name":"Terapias - Me llaman intensa","isPartOf":{"@id":"https:\/\/mellamanintensa.adrirodrigob1.es\/#website"},"primaryImageOfPage":{"@id":"https:\/\/mellamanintensa.adrirodrigob1.es\/terapias\/#primaryimage"},"image":{"@id":"https:\/\/mellamanintensa.adrirodrigob1.es\/terapias\/#primaryimage"},"thumbnailUrl":"https:\/\/mellamanintensa.adrirodrigob1.es\/wp-content\/uploads\/2025\/02\/happy-couple-during-the-psychology-therapy-indoors-e1695897650639.jpg","datePublished":"2025-02-26T14:05:38+00:00","dateModified":"2025-02-27T16:13:37+00:00","breadcrumb":{"@id":"https:\/\/mellamanintensa.adrirodrigob1.es\/terapias\/#breadcrumb"},"inLanguage":"en-US","potentialAction":[{"@type":"ReadAction","target":["https:\/\/mellamanintensa.adrirodrigob1.es\/terapias\/"]}]},{"@type":"ImageObject","inLanguage":"en-US","@id":"https:\/\/mellamanintensa.adrirodrigob1.es\/terapias\/#primaryimage","url":"https:\/\/mellamanintensa.adrirodrigob1.es\/wp-content\/uploads\/2025\/02\/happy-couple-during-the-psychology-therapy-indoors-e1695897650639.jpg","contentUrl":"https:\/\/mellamanintensa.adrirodrigob1.es\/wp-content\/uploads\/2025\/02\/happy-couple-during-the-psychology-therapy-indoors-e1695897650639.jpg"},{"@type":"BreadcrumbList","@id":"https:\/\/mellamanintensa.adrirodrigob1.es\/terapias\/#breadcrumb","itemListElement":[{"@type":"ListItem","position":1,"name":"Portada","item":"https:\/\/mellamanintensa.adrirodrigob1.es\/"},{"@type":"ListItem","position":2,"name":"Terapias"}]},{"@type":"WebSite","@id":"https:\/\/mellamanintensa.adrirodrigob1.es\/#website","url":"https:\/\/mellamanintensa.adrirodrigob1.es\/","name":"Me llaman intensa","description":"","potentialAction":[{"@type":"SearchAction","target":{"@type":"EntryPoint","urlTemplate":"https:\/\/mellamanintensa.adrirodrigob1.es\/?s={search_term_string}"},"query-input":{"@type":"PropertyValueSpecification","valueRequired":true,"valueName":"search_term_string"}}],"inLanguage":"en-US"}]}},"_links":{"self":[{"href":"https:\/\/mellamanintensa.adrirodrigob1.es\/en\/wp-json\/wp\/v2\/pages\/174","targetHints":{"allow":["GET"]}}],"collection":[{"href":"https:\/\/mellamanintensa.adrirodrigob1.es\/en\/wp-json\/wp\/v2\/pages"}],"about":[{"href":"https:\/\/mellamanintensa.adrirodrigob1.es\/en\/wp-json\/wp\/v2\/types\/page"}],"author":[{"embeddable":true,"href":"https:\/\/mellamanintensa.adrirodrigob1.es\/en\/wp-json\/wp\/v2\/users\/12"}],"replies":[{"embeddable":true,"href":"https:\/\/mellamanintensa.adrirodrigob1.es\/en\/wp-json\/wp\/v2\/comments?post=174"}],"version-history":[{"count":37,"href":"https:\/\/mellamanintensa.adrirodrigob1.es\/en\/wp-json\/wp\/v2\/pages\/174\/revisions"}],"predecessor-version":[{"id":493,"href":"https:\/\/mellamanintensa.adrirodrigob1.es\/en\/wp-json\/wp\/v2\/pages\/174\/revisions\/493"}],"wp:attachment":[{"href":"https:\/\/mellamanintensa.adrirodrigob1.es\/en\/wp-json\/wp\/v2\/media?parent=174"}],"curies":[{"name":"wp","href":"https:\/\/api.w.org\/{rel}","templated":true}]}}