{"id":174,"date":"2025-02-26T15:05:38","date_gmt":"2025-02-26T14:05:38","guid":{"rendered":"https:\/\/mellamanintensa.adrirodrigob1.es\/?page_id=174"},"modified":"2025-02-27T17:13:37","modified_gmt":"2025-02-27T16:13:37","slug":"terapias","status":"publish","type":"page","link":"https:\/\/mellamanintensa.adrirodrigob1.es\/ca\/terapias\/","title":{"rendered":"Ter\u00e0pies"},"content":{"rendered":"<div data-elementor-type=\"wp-page\" data-elementor-id=\"174\" class=\"elementor elementor-174\" data-elementor-post-type=\"page\">\n\t\t\t\t<div class=\"elementor-element elementor-element-60a4f40e e-flex e-con-boxed e-con e-parent\" data-id=\"60a4f40e\" data-element_type=\"container\" data-e-type=\"container\" data-settings=\"{&quot;background_background&quot;:&quot;classic&quot;}\">\n\t\t\t\t\t<div class=\"e-con-inner\">\n\t\t<div class=\"elementor-element elementor-element-1c616f0c e-flex e-con-boxed e-con e-child\" data-id=\"1c616f0c\" data-element_type=\"container\" data-e-type=\"container\">\n\t\t\t\t\t<div class=\"e-con-inner\">\n\t\t\t\t<div class=\"elementor-element elementor-element-7e2a322e elementor-widget elementor-widget-heading\" data-id=\"7e2a322e\" data-element_type=\"widget\" data-e-type=\"widget\" data-widget_type=\"heading.default\">\n\t\t\t\t<div class=\"elementor-widget-container\">\n\t\t\t\t\t<h2 class=\"elementor-heading-title elementor-size-default\">Ter\u00e0pies<\/h2>\t\t\t\t<\/div>\n\t\t\t\t<\/div>\n\t\t\t\t<div class=\"elementor-element elementor-element-120e79c4 elementor-icon-list--layout-inline elementor-align-start elementor-list-item-link-full_width elementor-widget elementor-widget-icon-list\" data-id=\"120e79c4\" data-element_type=\"widget\" data-e-type=\"widget\" data-widget_type=\"icon-list.default\">\n\t\t\t\t<div class=\"elementor-widget-container\">\n\t\t\t\t\t\t\t<ul class=\"elementor-icon-list-items elementor-inline-items\">\n\t\t\t\t\t\t\t<li class=\"elementor-icon-list-item elementor-inline-item\">\n\t\t\t\t\t\t\t\t\t\t<span class=\"elementor-icon-list-text\">Inici<\/span>\n\t\t\t\t\t\t\t\t\t<\/li>\n\t\t\t\t\t\t\t\t<li class=\"elementor-icon-list-item elementor-inline-item\">\n\t\t\t\t\t\t\t\t\t\t\t<span class=\"elementor-icon-list-icon\">\n\t\t\t\t\t\t\t<i aria-hidden=\"true\" class=\"jki jki-right-arrow-8\"><\/i>\t\t\t\t\t\t<\/span>\n\t\t\t\t\t\t\t\t\t\t<span class=\"elementor-icon-list-text\">Ter\u00e0pies<\/span>\n\t\t\t\t\t\t\t\t\t<\/li>\n\t\t\t\t\t\t<\/ul>\n\t\t\t\t\t\t<\/div>\n\t\t\t\t<\/div>\n\t\t\t\t\t<\/div>\n\t\t\t\t<\/div>\n\t\t\t\t\t<\/div>\n\t\t\t\t<\/div>\n\t\t<div class=\"elementor-element elementor-element-425697d e-flex e-con-boxed e-con e-parent\" data-id=\"425697d\" data-element_type=\"container\" data-e-type=\"container\">\n\t\t\t\t\t<div class=\"e-con-inner\">\n\t\t<div class=\"elementor-element elementor-element-29654625 e-flex e-con-boxed e-con e-child\" data-id=\"29654625\" data-element_type=\"container\" data-e-type=\"container\" data-settings=\"{&quot;background_background&quot;:&quot;classic&quot;}\">\n\t\t\t\t\t<div class=\"e-con-inner\">\n\t\t<div class=\"elementor-element elementor-element-33ef679f e-con-full e-flex e-con e-child\" data-id=\"33ef679f\" data-element_type=\"container\" data-e-type=\"container\">\n\t\t\t\t<div class=\"elementor-element elementor-element-109dce96 elementor-widget elementor-widget-heading\" data-id=\"109dce96\" data-element_type=\"widget\" data-e-type=\"widget\" data-widget_type=\"heading.default\">\n\t\t\t\t<div class=\"elementor-widget-container\">\n\t\t\t\t\t<h2 class=\"elementor-heading-title elementor-size-default\">Psicolog\u00eda infantojuvenil<\/h2>\t\t\t\t<\/div>\n\t\t\t\t<\/div>\n\t\t<div class=\"elementor-element elementor-element-4abf807 e-grid e-con-full e-con e-child\" data-id=\"4abf807\" data-element_type=\"container\" data-e-type=\"container\" data-settings=\"{&quot;background_background&quot;:&quot;classic&quot;}\">\n\t\t<div class=\"elementor-element elementor-element-0d8dc67 e-con-full e-flex e-con e-child\" data-id=\"0d8dc67\" data-element_type=\"container\" data-e-type=\"container\">\n\t\t\t\t<div class=\"elementor-element elementor-element-32808a01 elementor-widget elementor-widget-text-editor\" data-id=\"32808a01\" data-element_type=\"widget\" data-e-type=\"widget\" data-widget_type=\"text-editor.default\">\n\t\t\t\t<div class=\"elementor-widget-container\">\n\t\t\t\t\t\t\t\t\t<p data-pm-slice=\"1 1 []\"><span style=\"color: #000000;\"><strong>Ter\u00e0pia i Diagn\u00f2stic de Trastorns de la Conducta i d'Aprenentatge<\/strong><\/span><\/p><p class=\"translation-block\">El desenvolupament infantil i juvenil pot presentar desafiaments que requereixen una intervenci\u00f3 especialitzada. A <strong>Me Llaman Intensa<\/strong>, abordem trastorns com TDAH, TEA, disl\u00e8xia i problemes de conducta amb un enfocament personalitzat. Apliquem avaluacions detallades i estrat\u00e8gies terap\u00e8utiques per potenciar el benestar emocional i el rendiment acad\u00e8mic.<\/p>\t\t\t\t\t\t\t\t<\/div>\n\t\t\t\t<\/div>\n\t\t\t\t<div class=\"elementor-element elementor-element-3dd7daab elementor-widget elementor-widget-text-editor\" data-id=\"3dd7daab\" data-element_type=\"widget\" data-e-type=\"widget\" data-widget_type=\"text-editor.default\">\n\t\t\t\t<div class=\"elementor-widget-container\">\n\t\t\t\t\t\t\t\t\t<p data-pm-slice=\"1 1 []\"><span style=\"color: #000000;\"><strong>Reeducacions<\/strong><\/span><\/p><p>A trav\u00e9s de la reeducaci\u00f3 psicol\u00f2gica, ajudem nens i adolescents a desenvolupar h\u00e0bits saludables d'aprenentatge, millorar habilitats socials i gestionar emocions de manera efectiva. Implementem t\u00e8cniques cognitiu-conductuals per refor\u00e7ar l'autoestima i l'autonomia, permetent que cada pacient descobreixi el seu potencial.<\/p>\t\t\t\t\t\t\t\t<\/div>\n\t\t\t\t<\/div>\n\t\t\t\t<\/div>\n\t\t<div class=\"elementor-element elementor-element-5e2ce09 e-con-full e-flex e-con e-child\" data-id=\"5e2ce09\" data-element_type=\"container\" data-e-type=\"container\">\n\t\t<div class=\"elementor-element elementor-element-1a9897de e-con-full e-flex e-con e-child\" data-id=\"1a9897de\" data-element_type=\"container\" data-e-type=\"container\" data-settings=\"{&quot;background_background&quot;:&quot;classic&quot;}\">\n\t\t\t\t<div class=\"elementor-element elementor-element-2e1307bf elementor-widget elementor-widget-spacer\" data-id=\"2e1307bf\" data-element_type=\"widget\" data-e-type=\"widget\" data-widget_type=\"spacer.default\">\n\t\t\t\t<div class=\"elementor-widget-container\">\n\t\t\t\t\t\t\t<div class=\"elementor-spacer\">\n\t\t\t<div class=\"elementor-spacer-inner\"><\/div>\n\t\t<\/div>\n\t\t\t\t\t\t<\/div>\n\t\t\t\t<\/div>\n\t\t\t\t<\/div>\n\t\t\t\t<\/div>\n\t\t\t\t<\/div>\n\t\t\t\t<\/div>\n\t\t\t\t\t<\/div>\n\t\t\t\t<\/div>\n\t\t\t\t\t<\/div>\n\t\t\t\t<\/div>\n\t\t<div class=\"elementor-element elementor-element-13afdb8 e-flex e-con-boxed e-con e-parent\" data-id=\"13afdb8\" data-element_type=\"container\" data-e-type=\"container\">\n\t\t\t\t\t<div class=\"e-con-inner\">\n\t\t<div class=\"elementor-element elementor-element-ef938fd e-flex e-con-boxed e-con e-child\" data-id=\"ef938fd\" data-element_type=\"container\" data-e-type=\"container\" data-settings=\"{&quot;background_background&quot;:&quot;classic&quot;}\">\n\t\t\t\t\t<div class=\"e-con-inner\">\n\t\t<div class=\"elementor-element elementor-element-2b9ee1a e-con-full e-flex e-con e-child\" data-id=\"2b9ee1a\" data-element_type=\"container\" data-e-type=\"container\">\n\t\t<div class=\"elementor-element elementor-element-357f238 e-con-full e-flex e-con e-child\" data-id=\"357f238\" data-element_type=\"container\" data-e-type=\"container\">\n\t\t<div class=\"elementor-element elementor-element-d18207a e-flex e-con-boxed e-con e-child\" data-id=\"d18207a\" data-element_type=\"container\" data-e-type=\"container\">\n\t\t\t\t\t<div class=\"e-con-inner\">\n\t\t\t\t<div class=\"elementor-element elementor-element-3172921 elementor-widget elementor-widget-heading\" data-id=\"3172921\" data-element_type=\"widget\" data-e-type=\"widget\" data-widget_type=\"heading.default\">\n\t\t\t\t<div class=\"elementor-widget-container\">\n\t\t\t\t\t<h2 class=\"elementor-heading-title elementor-size-default\">Psicologia per a Adults<\/h2>\t\t\t\t<\/div>\n\t\t\t\t<\/div>\n\t\t\t\t<div class=\"elementor-element elementor-element-ced2945 elementor-align-start elementor-icon-list--layout-traditional elementor-list-item-link-full_width elementor-widget elementor-widget-icon-list\" data-id=\"ced2945\" data-element_type=\"widget\" data-e-type=\"widget\" data-widget_type=\"icon-list.default\">\n\t\t\t\t<div class=\"elementor-widget-container\">\n\t\t\t\t\t\t\t<ul class=\"elementor-icon-list-items\">\n\t\t\t\t\t\t\t<li class=\"elementor-icon-list-item\">\n\t\t\t\t\t\t\t\t\t\t\t<span class=\"elementor-icon-list-icon\">\n\t\t\t\t\t\t\t<svg aria-hidden=\"true\" class=\"e-font-icon-svg e-fas-check-circle\" viewbox=\"0 0 512 512\" xmlns=\"http:\/\/www.w3.org\/2000\/svg\"><path d=\"M504 256c0 136.967-111.033 248-248 248S8 392.967 8 256 119.033 8 256 8s248 111.033 248 248zM227.314 387.314l184-184c6.248-6.248 6.248-16.379 0-22.627l-22.627-22.627c-6.248-6.249-16.379-6.249-22.628 0L216 308.118l-70.059-70.059c-6.248-6.248-16.379-6.248-22.628 0l-22.627 22.627c-6.248 6.248-6.248 16.379 0 22.627l104 104c6.249 6.249 16.379 6.249 22.628.001z\"><\/path><\/svg>\t\t\t\t\t\t<\/span>\n\t\t\t\t\t\t\t\t\t\t<span class=\"elementor-icon-list-text\">Estats d'Ansietat i Depressi\u00f3<\/span>\n\t\t\t\t\t\t\t\t\t<\/li>\n\t\t\t\t\t\t\t\t<li class=\"elementor-icon-list-item\">\n\t\t\t\t\t\t\t\t\t\t\t<span class=\"elementor-icon-list-icon\">\n\t\t\t\t\t\t\t<svg aria-hidden=\"true\" class=\"e-font-icon-svg e-fas-check-circle\" viewbox=\"0 0 512 512\" xmlns=\"http:\/\/www.w3.org\/2000\/svg\"><path d=\"M504 256c0 136.967-111.033 248-248 248S8 392.967 8 256 119.033 8 256 8s248 111.033 248 248zM227.314 387.314l184-184c6.248-6.248 6.248-16.379 0-22.627l-22.627-22.627c-6.248-6.249-16.379-6.249-22.628 0L216 308.118l-70.059-70.059c-6.248-6.248-16.379-6.248-22.628 0l-22.627 22.627c-6.248 6.248-6.248 16.379 0 22.627l104 104c6.249 6.249 16.379 6.249 22.628.001z\"><\/path><\/svg>\t\t\t\t\t\t<\/span>\n\t\t\t\t\t\t\t\t\t\t<span class=\"elementor-icon-list-text\">Dol<\/span>\n\t\t\t\t\t\t\t\t\t<\/li>\n\t\t\t\t\t\t\t\t<li class=\"elementor-icon-list-item\">\n\t\t\t\t\t\t\t\t\t\t\t<span class=\"elementor-icon-list-icon\">\n\t\t\t\t\t\t\t<svg aria-hidden=\"true\" class=\"e-font-icon-svg e-fas-check-circle\" viewbox=\"0 0 512 512\" xmlns=\"http:\/\/www.w3.org\/2000\/svg\"><path d=\"M504 256c0 136.967-111.033 248-248 248S8 392.967 8 256 119.033 8 256 8s248 111.033 248 248zM227.314 387.314l184-184c6.248-6.248 6.248-16.379 0-22.627l-22.627-22.627c-6.248-6.249-16.379-6.249-22.628 0L216 308.118l-70.059-70.059c-6.248-6.248-16.379-6.248-22.628 0l-22.627 22.627c-6.248 6.248-6.248 16.379 0 22.627l104 104c6.249 6.249 16.379 6.249 22.628.001z\"><\/path><\/svg>\t\t\t\t\t\t<\/span>\n\t\t\t\t\t\t\t\t\t\t<span class=\"elementor-icon-list-text\">Ter\u00e0pia Emocional<\/span>\n\t\t\t\t\t\t\t\t\t<\/li>\n\t\t\t\t\t\t\t\t<li class=\"elementor-icon-list-item\">\n\t\t\t\t\t\t\t\t\t\t\t<span class=\"elementor-icon-list-icon\">\n\t\t\t\t\t\t\t<svg aria-hidden=\"true\" class=\"e-font-icon-svg e-fas-check-circle\" viewbox=\"0 0 512 512\" xmlns=\"http:\/\/www.w3.org\/2000\/svg\"><path d=\"M504 256c0 136.967-111.033 248-248 248S8 392.967 8 256 119.033 8 256 8s248 111.033 248 248zM227.314 387.314l184-184c6.248-6.248 6.248-16.379 0-22.627l-22.627-22.627c-6.248-6.249-16.379-6.249-22.628 0L216 308.118l-70.059-70.059c-6.248-6.248-16.379-6.248-22.628 0l-22.627 22.627c-6.248 6.248-6.248 16.379 0 22.627l104 104c6.249 6.249 16.379 6.249 22.628.001z\"><\/path><\/svg>\t\t\t\t\t\t<\/span>\n\t\t\t\t\t\t\t\t\t\t<span class=\"elementor-icon-list-text\">Desenvolupament Personal<\/span>\n\t\t\t\t\t\t\t\t\t<\/li>\n\t\t\t\t\t\t\t\t<li class=\"elementor-icon-list-item\">\n\t\t\t\t\t\t\t\t\t\t\t<span class=\"elementor-icon-list-icon\">\n\t\t\t\t\t\t\t<svg aria-hidden=\"true\" class=\"e-font-icon-svg e-fas-check-circle\" viewbox=\"0 0 512 512\" xmlns=\"http:\/\/www.w3.org\/2000\/svg\"><path d=\"M504 256c0 136.967-111.033 248-248 248S8 392.967 8 256 119.033 8 256 8s248 111.033 248 248zM227.314 387.314l184-184c6.248-6.248 6.248-16.379 0-22.627l-22.627-22.627c-6.248-6.249-16.379-6.249-22.628 0L216 308.118l-70.059-70.059c-6.248-6.248-16.379-6.248-22.628 0l-22.627 22.627c-6.248 6.248-6.248 16.379 0 22.627l104 104c6.249 6.249 16.379 6.249 22.628.001z\"><\/path><\/svg>\t\t\t\t\t\t<\/span>\n\t\t\t\t\t\t\t\t\t\t<span class=\"elementor-icon-list-text\">Trastorns de la Conducta i Altres Psicopatologies<\/span>\n\t\t\t\t\t\t\t\t\t<\/li>\n\t\t\t\t\t\t<\/ul>\n\t\t\t\t\t\t<\/div>\n\t\t\t\t<\/div>\n\t\t\t\t\t<\/div>\n\t\t\t\t<\/div>\n\t\t<div class=\"elementor-element elementor-element-f90a61c e-con-full e-flex e-con e-child\" data-id=\"f90a61c\" data-element_type=\"container\" data-e-type=\"container\">\n\t\t\t\t<div class=\"elementor-element elementor-element-9b560f5 elementor-widget elementor-widget-image\" data-id=\"9b560f5\" data-element_type=\"widget\" data-e-type=\"widget\" data-widget_type=\"image.default\">\n\t\t\t\t<div class=\"elementor-widget-container\">\n\t\t\t\t\t\t\t\t\t\t\t\t\t\t\t<img fetchpriority=\"high\" decoding=\"async\" width=\"1440\" height=\"961\" src=\"https:\/\/mellamanintensa.adrirodrigob1.es\/wp-content\/uploads\/2025\/02\/happy-couple-during-the-psychology-therapy-indoors-e1695897650639.jpg\" class=\"attachment-full size-full wp-image-362\" alt=\"\" srcset=\"https:\/\/mellamanintensa.adrirodrigob1.es\/wp-content\/uploads\/2025\/02\/happy-couple-during-the-psychology-therapy-indoors-e1695897650639.jpg 1440w, https:\/\/mellamanintensa.adrirodrigob1.es\/wp-content\/uploads\/2025\/02\/happy-couple-during-the-psychology-therapy-indoors-e1695897650639-300x200.jpg 300w, https:\/\/mellamanintensa.adrirodrigob1.es\/wp-content\/uploads\/2025\/02\/happy-couple-during-the-psychology-therapy-indoors-e1695897650639-1024x683.jpg 1024w, https:\/\/mellamanintensa.adrirodrigob1.es\/wp-content\/uploads\/2025\/02\/happy-couple-during-the-psychology-therapy-indoors-e1695897650639-768x513.jpg 768w\" sizes=\"(max-width: 1440px) 100vw, 1440px\" \/>\t\t\t\t\t\t\t\t\t\t\t\t\t\t\t<\/div>\n\t\t\t\t<\/div>\n\t\t\t\t<\/div>\n\t\t\t\t<\/div>\n\t\t\t\t<div class=\"elementor-element elementor-element-aecce59 elementor-widget elementor-widget-text-editor\" data-id=\"aecce59\" data-element_type=\"widget\" data-e-type=\"widget\" data-widget_type=\"text-editor.default\">\n\t\t\t\t<div class=\"elementor-widget-container\">\n\t\t\t\t\t\t\t\t\t<p data-pm-slice=\"1 1 []\"><strong>Ter\u00e0pia en L\u00ednia amb la Flexibilitat que Necessites<\/strong><\/p>\t\t\t\t\t\t\t\t<\/div>\n\t\t\t\t<\/div>\n\t\t\t\t<div class=\"elementor-element elementor-element-2a583e3 elementor-widget elementor-widget-text-editor\" data-id=\"2a583e3\" data-element_type=\"widget\" data-e-type=\"widget\" data-widget_type=\"text-editor.default\">\n\t\t\t\t<div class=\"elementor-widget-container\">\n\t\t\t\t\t\t\t\t\t<p data-pm-slice=\"1 1 []\">Sabem que el ritme de vida actual fa que, en moltes ocasions, assistir a ter\u00e0pia presencial sigui complicat. Per aix\u00f2, ens enfoquem en ter\u00e0pies en l\u00ednia, permetent-te accedir a la teva sessi\u00f3 des de qualsevol lloc, amb la mateixa qualitat i efic\u00e0cia que una consulta presencial.<\/p><p><strong>\ud83d\udc49 Agendar tu sesi\u00f3n es f\u00e1cil y r\u00e1pido.<\/strong> Haz clic en el bot\u00f3n a continuaci\u00f3n para reservar tu cita.<\/p>\t\t\t\t\t\t\t\t<\/div>\n\t\t\t\t<\/div>\n\t\t\t\t<div class=\"elementor-element elementor-element-5511d3a elementor-widget elementor-widget-jkit_button\" data-id=\"5511d3a\" data-element_type=\"widget\" data-e-type=\"widget\" data-widget_type=\"jkit_button.default\">\n\t\t\t\t<div class=\"elementor-widget-container\">\n\t\t\t\t\t<div  class=\"jeg-elementor-kit jkit-button  icon-position-after jeg_module___69e0fdc7991e5\" ><a href=\"https:\/\/www.doctoralia.es\/maria-soriano-somoza\/psicologo\/barcelona\" class=\"jkit-button-wrapper\">Reserva la teva sessi\u00f3 en l\u00ednia<i aria-hidden=\"true\" class=\"jki jki-right-arrow-light\"><\/i><\/a><\/div>\t\t\t\t<\/div>\n\t\t\t\t<\/div>\n\t\t\t\t<\/div>\n\t\t\t\t\t<\/div>\n\t\t\t\t<\/div>\n\t\t\t\t\t<\/div>\n\t\t\t\t<\/div>\n\t\t\t\t<\/div>","protected":false},"excerpt":{"rendered":"<p>Terapias Inicio Terapias Psicolog\u00eda Infantojuvenil Terapia y Diagn\u00f3stico de Trastornos de la Conducta y Aprendizaje El desarrollo infantil y juvenil puede presentar desaf\u00edos que requieren una intervenci\u00f3n especializada. En Me Llaman Intensa, abordamos trastornos como TDAH, TEA, dislexia y problemas de conducta con un enfoque personalizado. Aplicamos evaluaciones detalladas y estrategias terap\u00e9uticas para potenciar el [&hellip;]<\/p>","protected":false},"author":12,"featured_media":0,"parent":0,"menu_order":0,"comment_status":"closed","ping_status":"closed","template":"","meta":{"footnotes":""},"class_list":["post-174","page","type-page","status-publish","hentry"],"yoast_head":"<!-- This site is optimized with the Yoast SEO plugin v27.4 - https:\/\/yoast.com\/product\/yoast-seo-wordpress\/ -->\n<title>Terapias - Me llaman intensa<\/title>\n<meta name=\"robots\" content=\"noindex, follow, max-snippet:-1, max-image-preview:large, max-video-preview:-1\" \/>\n<meta property=\"og:locale\" content=\"ca_ES\" \/>\n<meta property=\"og:type\" content=\"article\" \/>\n<meta property=\"og:title\" content=\"Terapias - Me llaman intensa\" \/>\n<meta property=\"og:description\" content=\"Terapias Inicio Terapias Psicolog\u00eda Infantojuvenil Terapia y Diagn\u00f3stico de Trastornos de la Conducta y Aprendizaje El desarrollo infantil y juvenil puede presentar desaf\u00edos que requieren una intervenci\u00f3n especializada. En Me Llaman Intensa, abordamos trastornos como TDAH, TEA, dislexia y problemas de conducta con un enfoque personalizado. Aplicamos evaluaciones detalladas y estrategias terap\u00e9uticas para potenciar el [&hellip;]\" \/>\n<meta property=\"og:url\" content=\"https:\/\/mellamanintensa.adrirodrigob1.es\/ca\/terapias\/\" \/>\n<meta property=\"og:site_name\" content=\"Me llaman intensa\" \/>\n<meta property=\"article:modified_time\" content=\"2025-02-27T16:13:37+00:00\" \/>\n<meta property=\"og:image\" content=\"https:\/\/mellamanintensa.adrirodrigob1.es\/wp-content\/uploads\/2025\/02\/happy-couple-during-the-psychology-therapy-indoors-e1695897650639.jpg\" \/>\n\t<meta property=\"og:image:width\" content=\"1440\" \/>\n\t<meta property=\"og:image:height\" content=\"961\" \/>\n\t<meta property=\"og:image:type\" content=\"image\/jpeg\" \/>\n<meta name=\"twitter:card\" content=\"summary_large_image\" \/>\n<meta name=\"twitter:label1\" content=\"Temps estimat de lectura\" \/>\n\t<meta name=\"twitter:data1\" content=\"2 minuts\" \/>\n<script type=\"application\/ld+json\" class=\"yoast-schema-graph\">{\"@context\":\"https:\\\/\\\/schema.org\",\"@graph\":[{\"@type\":\"WebPage\",\"@id\":\"https:\\\/\\\/mellamanintensa.adrirodrigob1.es\\\/terapias\\\/\",\"url\":\"https:\\\/\\\/mellamanintensa.adrirodrigob1.es\\\/terapias\\\/\",\"name\":\"Terapias - Me llaman intensa\",\"isPartOf\":{\"@id\":\"https:\\\/\\\/mellamanintensa.adrirodrigob1.es\\\/#website\"},\"primaryImageOfPage\":{\"@id\":\"https:\\\/\\\/mellamanintensa.adrirodrigob1.es\\\/terapias\\\/#primaryimage\"},\"image\":{\"@id\":\"https:\\\/\\\/mellamanintensa.adrirodrigob1.es\\\/terapias\\\/#primaryimage\"},\"thumbnailUrl\":\"https:\\\/\\\/mellamanintensa.adrirodrigob1.es\\\/wp-content\\\/uploads\\\/2025\\\/02\\\/happy-couple-during-the-psychology-therapy-indoors-e1695897650639.jpg\",\"datePublished\":\"2025-02-26T14:05:38+00:00\",\"dateModified\":\"2025-02-27T16:13:37+00:00\",\"breadcrumb\":{\"@id\":\"https:\\\/\\\/mellamanintensa.adrirodrigob1.es\\\/terapias\\\/#breadcrumb\"},\"inLanguage\":\"ca\",\"potentialAction\":[{\"@type\":\"ReadAction\",\"target\":[\"https:\\\/\\\/mellamanintensa.adrirodrigob1.es\\\/terapias\\\/\"]}]},{\"@type\":\"ImageObject\",\"inLanguage\":\"ca\",\"@id\":\"https:\\\/\\\/mellamanintensa.adrirodrigob1.es\\\/terapias\\\/#primaryimage\",\"url\":\"https:\\\/\\\/mellamanintensa.adrirodrigob1.es\\\/wp-content\\\/uploads\\\/2025\\\/02\\\/happy-couple-during-the-psychology-therapy-indoors-e1695897650639.jpg\",\"contentUrl\":\"https:\\\/\\\/mellamanintensa.adrirodrigob1.es\\\/wp-content\\\/uploads\\\/2025\\\/02\\\/happy-couple-during-the-psychology-therapy-indoors-e1695897650639.jpg\"},{\"@type\":\"BreadcrumbList\",\"@id\":\"https:\\\/\\\/mellamanintensa.adrirodrigob1.es\\\/terapias\\\/#breadcrumb\",\"itemListElement\":[{\"@type\":\"ListItem\",\"position\":1,\"name\":\"Portada\",\"item\":\"https:\\\/\\\/mellamanintensa.adrirodrigob1.es\\\/\"},{\"@type\":\"ListItem\",\"position\":2,\"name\":\"Terapias\"}]},{\"@type\":\"WebSite\",\"@id\":\"https:\\\/\\\/mellamanintensa.adrirodrigob1.es\\\/#website\",\"url\":\"https:\\\/\\\/mellamanintensa.adrirodrigob1.es\\\/\",\"name\":\"Me llaman intensa\",\"description\":\"\",\"potentialAction\":[{\"@type\":\"SearchAction\",\"target\":{\"@type\":\"EntryPoint\",\"urlTemplate\":\"https:\\\/\\\/mellamanintensa.adrirodrigob1.es\\\/?s={search_term_string}\"},\"query-input\":{\"@type\":\"PropertyValueSpecification\",\"valueRequired\":true,\"valueName\":\"search_term_string\"}}],\"inLanguage\":\"ca\"}]}<\/script>\n<!-- \/ Yoast SEO plugin. -->","yoast_head_json":{"title":"Terapias - Me llaman intensa","robots":{"index":"noindex","follow":"follow","max-snippet":"max-snippet:-1","max-image-preview":"max-image-preview:large","max-video-preview":"max-video-preview:-1"},"og_locale":"ca_ES","og_type":"article","og_title":"Terapias - Me llaman intensa","og_description":"Terapias Inicio Terapias Psicolog\u00eda Infantojuvenil Terapia y Diagn\u00f3stico de Trastornos de la Conducta y Aprendizaje El desarrollo infantil y juvenil puede presentar desaf\u00edos que requieren una intervenci\u00f3n especializada. En Me Llaman Intensa, abordamos trastornos como TDAH, TEA, dislexia y problemas de conducta con un enfoque personalizado. Aplicamos evaluaciones detalladas y estrategias terap\u00e9uticas para potenciar el [&hellip;]","og_url":"https:\/\/mellamanintensa.adrirodrigob1.es\/ca\/terapias\/","og_site_name":"Me llaman intensa","article_modified_time":"2025-02-27T16:13:37+00:00","og_image":[{"width":1440,"height":961,"url":"https:\/\/mellamanintensa.adrirodrigob1.es\/wp-content\/uploads\/2025\/02\/happy-couple-during-the-psychology-therapy-indoors-e1695897650639.jpg","type":"image\/jpeg"}],"twitter_card":"summary_large_image","twitter_misc":{"Temps estimat de lectura":"2 minuts"},"schema":{"@context":"https:\/\/schema.org","@graph":[{"@type":"WebPage","@id":"https:\/\/mellamanintensa.adrirodrigob1.es\/terapias\/","url":"https:\/\/mellamanintensa.adrirodrigob1.es\/terapias\/","name":"Terapias - Me llaman intensa","isPartOf":{"@id":"https:\/\/mellamanintensa.adrirodrigob1.es\/#website"},"primaryImageOfPage":{"@id":"https:\/\/mellamanintensa.adrirodrigob1.es\/terapias\/#primaryimage"},"image":{"@id":"https:\/\/mellamanintensa.adrirodrigob1.es\/terapias\/#primaryimage"},"thumbnailUrl":"https:\/\/mellamanintensa.adrirodrigob1.es\/wp-content\/uploads\/2025\/02\/happy-couple-during-the-psychology-therapy-indoors-e1695897650639.jpg","datePublished":"2025-02-26T14:05:38+00:00","dateModified":"2025-02-27T16:13:37+00:00","breadcrumb":{"@id":"https:\/\/mellamanintensa.adrirodrigob1.es\/terapias\/#breadcrumb"},"inLanguage":"ca","potentialAction":[{"@type":"ReadAction","target":["https:\/\/mellamanintensa.adrirodrigob1.es\/terapias\/"]}]},{"@type":"ImageObject","inLanguage":"ca","@id":"https:\/\/mellamanintensa.adrirodrigob1.es\/terapias\/#primaryimage","url":"https:\/\/mellamanintensa.adrirodrigob1.es\/wp-content\/uploads\/2025\/02\/happy-couple-during-the-psychology-therapy-indoors-e1695897650639.jpg","contentUrl":"https:\/\/mellamanintensa.adrirodrigob1.es\/wp-content\/uploads\/2025\/02\/happy-couple-during-the-psychology-therapy-indoors-e1695897650639.jpg"},{"@type":"BreadcrumbList","@id":"https:\/\/mellamanintensa.adrirodrigob1.es\/terapias\/#breadcrumb","itemListElement":[{"@type":"ListItem","position":1,"name":"Portada","item":"https:\/\/mellamanintensa.adrirodrigob1.es\/"},{"@type":"ListItem","position":2,"name":"Terapias"}]},{"@type":"WebSite","@id":"https:\/\/mellamanintensa.adrirodrigob1.es\/#website","url":"https:\/\/mellamanintensa.adrirodrigob1.es\/","name":"Me llaman intensa","description":"","potentialAction":[{"@type":"SearchAction","target":{"@type":"EntryPoint","urlTemplate":"https:\/\/mellamanintensa.adrirodrigob1.es\/?s={search_term_string}"},"query-input":{"@type":"PropertyValueSpecification","valueRequired":true,"valueName":"search_term_string"}}],"inLanguage":"ca"}]}},"_links":{"self":[{"href":"https:\/\/mellamanintensa.adrirodrigob1.es\/ca\/wp-json\/wp\/v2\/pages\/174","targetHints":{"allow":["GET"]}}],"collection":[{"href":"https:\/\/mellamanintensa.adrirodrigob1.es\/ca\/wp-json\/wp\/v2\/pages"}],"about":[{"href":"https:\/\/mellamanintensa.adrirodrigob1.es\/ca\/wp-json\/wp\/v2\/types\/page"}],"author":[{"embeddable":true,"href":"https:\/\/mellamanintensa.adrirodrigob1.es\/ca\/wp-json\/wp\/v2\/users\/12"}],"replies":[{"embeddable":true,"href":"https:\/\/mellamanintensa.adrirodrigob1.es\/ca\/wp-json\/wp\/v2\/comments?post=174"}],"version-history":[{"count":37,"href":"https:\/\/mellamanintensa.adrirodrigob1.es\/ca\/wp-json\/wp\/v2\/pages\/174\/revisions"}],"predecessor-version":[{"id":493,"href":"https:\/\/mellamanintensa.adrirodrigob1.es\/ca\/wp-json\/wp\/v2\/pages\/174\/revisions\/493"}],"wp:attachment":[{"href":"https:\/\/mellamanintensa.adrirodrigob1.es\/ca\/wp-json\/wp\/v2\/media?parent=174"}],"curies":[{"name":"wp","href":"https:\/\/api.w.org\/{rel}","templated":true}]}}