{"id":172,"date":"2025-02-26T15:05:15","date_gmt":"2025-02-26T14:05:15","guid":{"rendered":"https:\/\/mellamanintensa.adrirodrigob1.es\/?page_id=172"},"modified":"2025-02-27T17:04:58","modified_gmt":"2025-02-27T16:04:58","slug":"me-llaman-intensa","status":"publish","type":"page","link":"https:\/\/mellamanintensa.adrirodrigob1.es\/ca\/me-llaman-intensa\/","title":{"rendered":"Em diuen intensa"},"content":{"rendered":"<div data-elementor-type=\"wp-page\" data-elementor-id=\"172\" class=\"elementor elementor-172\" data-elementor-post-type=\"page\">\n\t\t\t\t<div class=\"elementor-element elementor-element-9c9b35d e-flex e-con-boxed e-con e-parent\" data-id=\"9c9b35d\" data-element_type=\"container\" data-e-type=\"container\" data-settings=\"{&quot;background_background&quot;:&quot;classic&quot;}\">\n\t\t\t\t\t<div class=\"e-con-inner\">\n\t\t<div class=\"elementor-element elementor-element-7918c5d1 e-flex e-con-boxed e-con e-child\" data-id=\"7918c5d1\" data-element_type=\"container\" data-e-type=\"container\">\n\t\t\t\t\t<div class=\"e-con-inner\">\n\t\t\t\t<div class=\"elementor-element elementor-element-5df313eb elementor-widget elementor-widget-heading\" data-id=\"5df313eb\" data-element_type=\"widget\" data-e-type=\"widget\" data-widget_type=\"heading.default\">\n\t\t\t\t<div class=\"elementor-widget-container\">\n\t\t\t\t\t<h2 class=\"elementor-heading-title elementor-size-default\">EM DIUEN INTENSA<\/h2>\t\t\t\t<\/div>\n\t\t\t\t<\/div>\n\t\t\t\t<div class=\"elementor-element elementor-element-6b0c2c2c elementor-icon-list--layout-inline elementor-align-start elementor-list-item-link-full_width elementor-widget elementor-widget-icon-list\" data-id=\"6b0c2c2c\" data-element_type=\"widget\" data-e-type=\"widget\" data-widget_type=\"icon-list.default\">\n\t\t\t\t<div class=\"elementor-widget-container\">\n\t\t\t\t\t\t\t<ul class=\"elementor-icon-list-items elementor-inline-items\">\n\t\t\t\t\t\t\t<li class=\"elementor-icon-list-item elementor-inline-item\">\n\t\t\t\t\t\t\t\t\t\t<span class=\"elementor-icon-list-text\">Inici<\/span>\n\t\t\t\t\t\t\t\t\t<\/li>\n\t\t\t\t\t\t\t\t<li class=\"elementor-icon-list-item elementor-inline-item\">\n\t\t\t\t\t\t\t\t\t\t\t<span class=\"elementor-icon-list-icon\">\n\t\t\t\t\t\t\t<i aria-hidden=\"true\" class=\"jki jki-right-arrow-8\"><\/i>\t\t\t\t\t\t<\/span>\n\t\t\t\t\t\t\t\t\t\t<span class=\"elementor-icon-list-text\">Em diuen intensa<\/span>\n\t\t\t\t\t\t\t\t\t<\/li>\n\t\t\t\t\t\t<\/ul>\n\t\t\t\t\t\t<\/div>\n\t\t\t\t<\/div>\n\t\t\t\t\t<\/div>\n\t\t\t\t<\/div>\n\t\t\t\t\t<\/div>\n\t\t\t\t<\/div>\n\t\t<div class=\"elementor-element elementor-element-ccc5bfd e-flex e-con-boxed e-con e-parent\" data-id=\"ccc5bfd\" data-element_type=\"container\" data-e-type=\"container\">\n\t\t\t\t\t<div class=\"e-con-inner\">\n\t\t<div class=\"elementor-element elementor-element-2f62db0 e-con-full e-flex e-con e-child\" data-id=\"2f62db0\" data-element_type=\"container\" data-e-type=\"container\">\n\t\t<div class=\"elementor-element elementor-element-a950ac9 e-con-full e-flex e-con e-child\" data-id=\"a950ac9\" data-element_type=\"container\" data-e-type=\"container\" data-settings=\"{&quot;background_background&quot;:&quot;classic&quot;}\">\n\t\t\t\t<div class=\"elementor-element elementor-element-e9e524d elementor-widget elementor-widget-spacer\" data-id=\"e9e524d\" data-element_type=\"widget\" data-e-type=\"widget\" data-widget_type=\"spacer.default\">\n\t\t\t\t<div class=\"elementor-widget-container\">\n\t\t\t\t\t\t\t<div class=\"elementor-spacer\">\n\t\t\t<div class=\"elementor-spacer-inner\"><\/div>\n\t\t<\/div>\n\t\t\t\t\t\t<\/div>\n\t\t\t\t<\/div>\n\t\t\t\t<\/div>\n\t\t<div class=\"elementor-element elementor-element-b3616fe e-con-full e-flex e-con e-child\" data-id=\"b3616fe\" data-element_type=\"container\" data-e-type=\"container\">\n\t\t\t\t<div class=\"elementor-element elementor-element-8acc89a elementor-absolute elementor-widget elementor-widget-image\" data-id=\"8acc89a\" data-element_type=\"widget\" data-e-type=\"widget\" data-settings=\"{&quot;_position&quot;:&quot;absolute&quot;}\" data-widget_type=\"image.default\">\n\t\t\t\t<div class=\"elementor-widget-container\">\n\t\t\t\t\t\t\t\t\t\t\t\t\t\t\t<img fetchpriority=\"high\" decoding=\"async\" width=\"1872\" height=\"1248\" src=\"https:\/\/mellamanintensa.adrirodrigob1.es\/wp-content\/uploads\/2025\/02\/parent-little-kid-meeting-with-grandma-video-call.webp\" class=\"attachment-full size-full wp-image-258\" alt=\"\" srcset=\"https:\/\/mellamanintensa.adrirodrigob1.es\/wp-content\/uploads\/2025\/02\/parent-little-kid-meeting-with-grandma-video-call.webp 1872w, https:\/\/mellamanintensa.adrirodrigob1.es\/wp-content\/uploads\/2025\/02\/parent-little-kid-meeting-with-grandma-video-call-300x200.webp 300w, https:\/\/mellamanintensa.adrirodrigob1.es\/wp-content\/uploads\/2025\/02\/parent-little-kid-meeting-with-grandma-video-call-1024x683.webp 1024w, https:\/\/mellamanintensa.adrirodrigob1.es\/wp-content\/uploads\/2025\/02\/parent-little-kid-meeting-with-grandma-video-call-768x512.webp 768w, https:\/\/mellamanintensa.adrirodrigob1.es\/wp-content\/uploads\/2025\/02\/parent-little-kid-meeting-with-grandma-video-call-1536x1024.webp 1536w\" sizes=\"(max-width: 1872px) 100vw, 1872px\" \/>\t\t\t\t\t\t\t\t\t\t\t\t\t\t\t<\/div>\n\t\t\t\t<\/div>\n\t\t\t\t<\/div>\n\t\t\t\t<\/div>\n\t\t<div class=\"elementor-element elementor-element-8946ef6 e-con-full e-flex e-con e-child\" data-id=\"8946ef6\" data-element_type=\"container\" data-e-type=\"container\">\n\t\t\t\t<div class=\"elementor-element elementor-element-b050c96 elementor-widget elementor-widget-heading\" data-id=\"b050c96\" data-element_type=\"widget\" data-e-type=\"widget\" data-widget_type=\"heading.default\">\n\t\t\t\t<div class=\"elementor-widget-container\">\n\t\t\t\t\t<h2 class=\"elementor-heading-title elementor-size-default\">Sobre nosaltres<\/h2>\t\t\t\t<\/div>\n\t\t\t\t<\/div>\n\t\t\t\t<div class=\"elementor-element elementor-element-1b02b04 elementor-widget elementor-widget-heading\" data-id=\"1b02b04\" data-element_type=\"widget\" data-e-type=\"widget\" data-widget_type=\"heading.default\">\n\t\t\t\t<div class=\"elementor-widget-container\">\n\t\t\t\t\t<h2 class=\"elementor-heading-title elementor-size-default\">Em diuen intensa<\/h2>\t\t\t\t<\/div>\n\t\t\t\t<\/div>\n\t\t\t\t<div class=\"elementor-element elementor-element-32087d3 elementor-widget elementor-widget-text-editor\" data-id=\"32087d3\" data-element_type=\"widget\" data-e-type=\"widget\" data-widget_type=\"text-editor.default\">\n\t\t\t\t<div class=\"elementor-widget-container\">\n\t\t\t\t\t\t\t\t\t<p data-pm-slice=\"1 1 [&quot;list&quot;,{&quot;spread&quot;:true,&quot;start&quot;:1605,&quot;end&quot;:2354},&quot;regular_list_item&quot;,{&quot;start&quot;:1756,&quot;end&quot;:2250},&quot;blockquote&quot;,{&quot;start&quot;:1775,&quot;end&quot;:2250}]\"><em>Aquest projecte neix de la necessitat de redefinir el que significa ser emocionalment intensa. En un m\u00f3n que ens insta a minimitzar les nostres emocions, aqu\u00ed creiem que sentir profundament \u00e9s un do. \u2018Em diuen intensa\u2019 \u00e9s un espai on l\u2019autoacceptaci\u00f3, el creixement personal i la salut mental es troben. Ens enfoquem en oferir ter\u00e0pies accessibles, principalment en l\u00ednia, perqu\u00e8 cada persona pugui abra\u00e7ar la seva autenticitat sense importar on es trobi.<\/em><\/p>\t\t\t\t\t\t\t\t<\/div>\n\t\t\t\t<\/div>\n\t\t\t\t<\/div>\n\t\t\t\t\t<\/div>\n\t\t\t\t<\/div>\n\t\t<div class=\"elementor-element elementor-element-11cda5e2 e-flex e-con-boxed e-con e-parent\" data-id=\"11cda5e2\" data-element_type=\"container\" data-e-type=\"container\" data-settings=\"{&quot;background_background&quot;:&quot;classic&quot;}\">\n\t\t\t\t\t<div class=\"e-con-inner\">\n\t\t<div class=\"elementor-element elementor-element-5f6d8538 e-flex e-con-boxed e-con e-child\" data-id=\"5f6d8538\" data-element_type=\"container\" data-e-type=\"container\">\n\t\t\t\t\t<div class=\"e-con-inner\">\n\t\t\t\t<div class=\"elementor-element elementor-element-2d634685 elementor-widget elementor-widget-heading\" data-id=\"2d634685\" data-element_type=\"widget\" data-e-type=\"widget\" data-widget_type=\"heading.default\">\n\t\t\t\t<div class=\"elementor-widget-container\">\n\t\t\t\t\t<h2 class=\"elementor-heading-title elementor-size-default\">Pilares del projecte:<\/h2>\t\t\t\t<\/div>\n\t\t\t\t<\/div>\n\t\t<div class=\"elementor-element elementor-element-4acd867c e-con-full e-flex e-con e-child\" data-id=\"4acd867c\" data-element_type=\"container\" data-e-type=\"container\">\n\t\t<div class=\"elementor-element elementor-element-740491de e-grid e-con-boxed e-con e-child\" data-id=\"740491de\" data-element_type=\"container\" data-e-type=\"container\">\n\t\t\t\t\t<div class=\"e-con-inner\">\n\t\t<div class=\"elementor-element elementor-element-1f2c4f12 e-flex e-con-boxed e-con e-child\" data-id=\"1f2c4f12\" data-element_type=\"container\" data-e-type=\"container\">\n\t\t\t\t\t<div class=\"e-con-inner\">\n\t\t\t\t<div class=\"elementor-element elementor-element-7e46eaa4 jkit-equal-height-disable elementor-widget elementor-widget-jkit_icon_box\" data-id=\"7e46eaa4\" data-element_type=\"widget\" data-e-type=\"widget\" data-widget_type=\"jkit_icon_box.default\">\n\t\t\t\t<div class=\"elementor-widget-container\">\n\t\t\t\t\t<div  class=\"jeg-elementor-kit jkit-icon-box icon-position-top elementor-animation- jeg_module___69e0e322dd186\" ><div class=\"jkit-icon-box-wrapper hover-from-left\"><div class=\"icon-box icon-box-header elementor-animation-\"><div class=\"icon style-color\"><i aria-hidden=\"true\" class=\"jki jki-light-bulb-light\"><\/i><\/div><\/div><div class=\"icon-box icon-box-body\">\n                <h2 class=\"title\">Comprehensi\u00f3 Emocional<\/h2><p class=\"icon-box-description\">Afrontem cada ter\u00e0pia des de la singularitat emocional del pacient, entenent els seus processos interns i externs.<\/p>\n            <\/div>\n            \n            <\/div><\/div>\t\t\t\t<\/div>\n\t\t\t\t<\/div>\n\t\t\t\t\t<\/div>\n\t\t\t\t<\/div>\n\t\t<div class=\"elementor-element elementor-element-8702c4e e-flex e-con-boxed e-con e-child\" data-id=\"8702c4e\" data-element_type=\"container\" data-e-type=\"container\">\n\t\t\t\t\t<div class=\"e-con-inner\">\n\t\t\t\t<div class=\"elementor-element elementor-element-54cbb7f0 jkit-equal-height-disable elementor-widget elementor-widget-jkit_icon_box\" data-id=\"54cbb7f0\" data-element_type=\"widget\" data-e-type=\"widget\" data-widget_type=\"jkit_icon_box.default\">\n\t\t\t\t<div class=\"elementor-widget-container\">\n\t\t\t\t\t<div  class=\"jeg-elementor-kit jkit-icon-box icon-position-top elementor-animation- jeg_module__1_69e0e322ddbd8\" ><div class=\"jkit-icon-box-wrapper hover-from-left\"><div class=\"icon-box icon-box-header elementor-animation-\"><div class=\"icon style-color\"><i aria-hidden=\"true\" class=\"jki jki-planet-earth-light\"><\/i><\/div><\/div><div class=\"icon-box icon-box-body\">\n                <h2 class=\"title\">Accessibilitat i Proximitat en L\u00ednia<\/h2><p class=\"icon-box-description\">Ter\u00e0pies en l\u00ednia flexibles per adaptar-nos a la teva vida, eliminant barreres geogr\u00e0fiques.<\/p>\n            <\/div>\n            \n            <\/div><\/div>\t\t\t\t<\/div>\n\t\t\t\t<\/div>\n\t\t\t\t\t<\/div>\n\t\t\t\t<\/div>\n\t\t<div class=\"elementor-element elementor-element-774f3e9a e-con-full e-flex e-con e-child\" data-id=\"774f3e9a\" data-element_type=\"container\" data-e-type=\"container\">\n\t\t\t\t<div class=\"elementor-element elementor-element-dc26846 jkit-equal-height-disable elementor-widget elementor-widget-jkit_icon_box\" data-id=\"dc26846\" data-element_type=\"widget\" data-e-type=\"widget\" data-widget_type=\"jkit_icon_box.default\">\n\t\t\t\t<div class=\"elementor-widget-container\">\n\t\t\t\t\t<div  class=\"jeg-elementor-kit jkit-icon-box icon-position-top elementor-animation- jeg_module__2_69e0e322de488\" ><div class=\"jkit-icon-box-wrapper hover-from-left\"><div class=\"icon-box icon-box-header elementor-animation-\"><div class=\"icon style-color\"><i aria-hidden=\"true\" class=\"jki jki-brain-light\"><\/i><\/div><\/div><div class=\"icon-box icon-box-body\">\n                <h2 class=\"title\">Eines per a l'Autoconeixement<\/h2><p class=\"icon-box-description\">Oferim recursos pr\u00e0ctics perqu\u00e8 cada pacient gestioni les seves emocions i millori el seu benestar mental.<\/p>\n            <\/div>\n            \n            <\/div><\/div>\t\t\t\t<\/div>\n\t\t\t\t<\/div>\n\t\t\t\t<\/div>\n\t\t\t\t\t<\/div>\n\t\t\t\t<\/div>\n\t\t\t\t<\/div>\n\t\t\t\t\t<\/div>\n\t\t\t\t<\/div>\n\t\t\t\t\t<\/div>\n\t\t\t\t<\/div>\n\t\t\t\t<\/div>","protected":false},"excerpt":{"rendered":"<p>ME LLAMAN INTENSA Inicio Me llaman intensa Sobre nosotros Me llaman intensa Este proyecto nace de la necesidad de redefinir lo que significa ser emocionalmente intensa. En un mundo que nos insta a minimizar nuestras emociones, aqu\u00ed creemos que sentir profundamente es un don. \u2018Me llaman intensa\u2019 es un espacio donde la autoaceptaci\u00f3n, el crecimiento [&hellip;]<\/p>","protected":false},"author":12,"featured_media":0,"parent":0,"menu_order":0,"comment_status":"closed","ping_status":"closed","template":"","meta":{"footnotes":""},"class_list":["post-172","page","type-page","status-publish","hentry"],"yoast_head":"<!-- This site is optimized with the Yoast SEO plugin v27.4 - https:\/\/yoast.com\/product\/yoast-seo-wordpress\/ -->\n<title>Me llaman intensa - Me llaman intensa<\/title>\n<meta name=\"robots\" content=\"noindex, follow, max-snippet:-1, max-image-preview:large, max-video-preview:-1\" \/>\n<meta property=\"og:locale\" content=\"ca_ES\" \/>\n<meta property=\"og:type\" content=\"article\" \/>\n<meta property=\"og:title\" content=\"Me llaman intensa - Me llaman intensa\" \/>\n<meta property=\"og:description\" content=\"ME LLAMAN INTENSA Inicio Me llaman intensa Sobre nosotros Me llaman intensa Este proyecto nace de la necesidad de redefinir lo que significa ser emocionalmente intensa. En un mundo que nos insta a minimizar nuestras emociones, aqu\u00ed creemos que sentir profundamente es un don. \u2018Me llaman intensa\u2019 es un espacio donde la autoaceptaci\u00f3n, el crecimiento [&hellip;]\" \/>\n<meta property=\"og:url\" content=\"https:\/\/mellamanintensa.adrirodrigob1.es\/ca\/me-llaman-intensa\/\" \/>\n<meta property=\"og:site_name\" content=\"Me llaman intensa\" \/>\n<meta property=\"article:modified_time\" content=\"2025-02-27T16:04:58+00:00\" \/>\n<meta property=\"og:image\" content=\"https:\/\/mellamanintensa.adrirodrigob1.es\/wp-content\/uploads\/2025\/02\/parent-little-kid-meeting-with-grandma-video-call.webp\" \/>\n\t<meta property=\"og:image:width\" content=\"1872\" \/>\n\t<meta property=\"og:image:height\" content=\"1248\" \/>\n\t<meta property=\"og:image:type\" content=\"image\/webp\" \/>\n<meta name=\"twitter:card\" content=\"summary_large_image\" \/>\n<meta name=\"twitter:label1\" content=\"Temps estimat de lectura\" \/>\n\t<meta name=\"twitter:data1\" content=\"1 minut\" \/>\n<script type=\"application\/ld+json\" class=\"yoast-schema-graph\">{\"@context\":\"https:\\\/\\\/schema.org\",\"@graph\":[{\"@type\":\"WebPage\",\"@id\":\"https:\\\/\\\/mellamanintensa.adrirodrigob1.es\\\/me-llaman-intensa\\\/\",\"url\":\"https:\\\/\\\/mellamanintensa.adrirodrigob1.es\\\/me-llaman-intensa\\\/\",\"name\":\"Me llaman intensa - Me llaman intensa\",\"isPartOf\":{\"@id\":\"https:\\\/\\\/mellamanintensa.adrirodrigob1.es\\\/#website\"},\"primaryImageOfPage\":{\"@id\":\"https:\\\/\\\/mellamanintensa.adrirodrigob1.es\\\/me-llaman-intensa\\\/#primaryimage\"},\"image\":{\"@id\":\"https:\\\/\\\/mellamanintensa.adrirodrigob1.es\\\/me-llaman-intensa\\\/#primaryimage\"},\"thumbnailUrl\":\"https:\\\/\\\/mellamanintensa.adrirodrigob1.es\\\/wp-content\\\/uploads\\\/2025\\\/02\\\/parent-little-kid-meeting-with-grandma-video-call.webp\",\"datePublished\":\"2025-02-26T14:05:15+00:00\",\"dateModified\":\"2025-02-27T16:04:58+00:00\",\"breadcrumb\":{\"@id\":\"https:\\\/\\\/mellamanintensa.adrirodrigob1.es\\\/me-llaman-intensa\\\/#breadcrumb\"},\"inLanguage\":\"ca\",\"potentialAction\":[{\"@type\":\"ReadAction\",\"target\":[\"https:\\\/\\\/mellamanintensa.adrirodrigob1.es\\\/me-llaman-intensa\\\/\"]}]},{\"@type\":\"ImageObject\",\"inLanguage\":\"ca\",\"@id\":\"https:\\\/\\\/mellamanintensa.adrirodrigob1.es\\\/me-llaman-intensa\\\/#primaryimage\",\"url\":\"https:\\\/\\\/mellamanintensa.adrirodrigob1.es\\\/wp-content\\\/uploads\\\/2025\\\/02\\\/parent-little-kid-meeting-with-grandma-video-call.webp\",\"contentUrl\":\"https:\\\/\\\/mellamanintensa.adrirodrigob1.es\\\/wp-content\\\/uploads\\\/2025\\\/02\\\/parent-little-kid-meeting-with-grandma-video-call.webp\"},{\"@type\":\"BreadcrumbList\",\"@id\":\"https:\\\/\\\/mellamanintensa.adrirodrigob1.es\\\/me-llaman-intensa\\\/#breadcrumb\",\"itemListElement\":[{\"@type\":\"ListItem\",\"position\":1,\"name\":\"Portada\",\"item\":\"https:\\\/\\\/mellamanintensa.adrirodrigob1.es\\\/\"},{\"@type\":\"ListItem\",\"position\":2,\"name\":\"Me llaman intensa\"}]},{\"@type\":\"WebSite\",\"@id\":\"https:\\\/\\\/mellamanintensa.adrirodrigob1.es\\\/#website\",\"url\":\"https:\\\/\\\/mellamanintensa.adrirodrigob1.es\\\/\",\"name\":\"Me llaman intensa\",\"description\":\"\",\"potentialAction\":[{\"@type\":\"SearchAction\",\"target\":{\"@type\":\"EntryPoint\",\"urlTemplate\":\"https:\\\/\\\/mellamanintensa.adrirodrigob1.es\\\/?s={search_term_string}\"},\"query-input\":{\"@type\":\"PropertyValueSpecification\",\"valueRequired\":true,\"valueName\":\"search_term_string\"}}],\"inLanguage\":\"ca\"}]}<\/script>\n<!-- \/ Yoast SEO plugin. -->","yoast_head_json":{"title":"Me llaman intensa - Me llaman intensa","robots":{"index":"noindex","follow":"follow","max-snippet":"max-snippet:-1","max-image-preview":"max-image-preview:large","max-video-preview":"max-video-preview:-1"},"og_locale":"ca_ES","og_type":"article","og_title":"Me llaman intensa - Me llaman intensa","og_description":"ME LLAMAN INTENSA Inicio Me llaman intensa Sobre nosotros Me llaman intensa Este proyecto nace de la necesidad de redefinir lo que significa ser emocionalmente intensa. En un mundo que nos insta a minimizar nuestras emociones, aqu\u00ed creemos que sentir profundamente es un don. \u2018Me llaman intensa\u2019 es un espacio donde la autoaceptaci\u00f3n, el crecimiento [&hellip;]","og_url":"https:\/\/mellamanintensa.adrirodrigob1.es\/ca\/me-llaman-intensa\/","og_site_name":"Me llaman intensa","article_modified_time":"2025-02-27T16:04:58+00:00","og_image":[{"width":1872,"height":1248,"url":"https:\/\/mellamanintensa.adrirodrigob1.es\/wp-content\/uploads\/2025\/02\/parent-little-kid-meeting-with-grandma-video-call.webp","type":"image\/webp"}],"twitter_card":"summary_large_image","twitter_misc":{"Temps estimat de lectura":"1 minut"},"schema":{"@context":"https:\/\/schema.org","@graph":[{"@type":"WebPage","@id":"https:\/\/mellamanintensa.adrirodrigob1.es\/me-llaman-intensa\/","url":"https:\/\/mellamanintensa.adrirodrigob1.es\/me-llaman-intensa\/","name":"Me llaman intensa - Me llaman intensa","isPartOf":{"@id":"https:\/\/mellamanintensa.adrirodrigob1.es\/#website"},"primaryImageOfPage":{"@id":"https:\/\/mellamanintensa.adrirodrigob1.es\/me-llaman-intensa\/#primaryimage"},"image":{"@id":"https:\/\/mellamanintensa.adrirodrigob1.es\/me-llaman-intensa\/#primaryimage"},"thumbnailUrl":"https:\/\/mellamanintensa.adrirodrigob1.es\/wp-content\/uploads\/2025\/02\/parent-little-kid-meeting-with-grandma-video-call.webp","datePublished":"2025-02-26T14:05:15+00:00","dateModified":"2025-02-27T16:04:58+00:00","breadcrumb":{"@id":"https:\/\/mellamanintensa.adrirodrigob1.es\/me-llaman-intensa\/#breadcrumb"},"inLanguage":"ca","potentialAction":[{"@type":"ReadAction","target":["https:\/\/mellamanintensa.adrirodrigob1.es\/me-llaman-intensa\/"]}]},{"@type":"ImageObject","inLanguage":"ca","@id":"https:\/\/mellamanintensa.adrirodrigob1.es\/me-llaman-intensa\/#primaryimage","url":"https:\/\/mellamanintensa.adrirodrigob1.es\/wp-content\/uploads\/2025\/02\/parent-little-kid-meeting-with-grandma-video-call.webp","contentUrl":"https:\/\/mellamanintensa.adrirodrigob1.es\/wp-content\/uploads\/2025\/02\/parent-little-kid-meeting-with-grandma-video-call.webp"},{"@type":"BreadcrumbList","@id":"https:\/\/mellamanintensa.adrirodrigob1.es\/me-llaman-intensa\/#breadcrumb","itemListElement":[{"@type":"ListItem","position":1,"name":"Portada","item":"https:\/\/mellamanintensa.adrirodrigob1.es\/"},{"@type":"ListItem","position":2,"name":"Me llaman intensa"}]},{"@type":"WebSite","@id":"https:\/\/mellamanintensa.adrirodrigob1.es\/#website","url":"https:\/\/mellamanintensa.adrirodrigob1.es\/","name":"Me llaman intensa","description":"","potentialAction":[{"@type":"SearchAction","target":{"@type":"EntryPoint","urlTemplate":"https:\/\/mellamanintensa.adrirodrigob1.es\/?s={search_term_string}"},"query-input":{"@type":"PropertyValueSpecification","valueRequired":true,"valueName":"search_term_string"}}],"inLanguage":"ca"}]}},"_links":{"self":[{"href":"https:\/\/mellamanintensa.adrirodrigob1.es\/ca\/wp-json\/wp\/v2\/pages\/172","targetHints":{"allow":["GET"]}}],"collection":[{"href":"https:\/\/mellamanintensa.adrirodrigob1.es\/ca\/wp-json\/wp\/v2\/pages"}],"about":[{"href":"https:\/\/mellamanintensa.adrirodrigob1.es\/ca\/wp-json\/wp\/v2\/types\/page"}],"author":[{"embeddable":true,"href":"https:\/\/mellamanintensa.adrirodrigob1.es\/ca\/wp-json\/wp\/v2\/users\/12"}],"replies":[{"embeddable":true,"href":"https:\/\/mellamanintensa.adrirodrigob1.es\/ca\/wp-json\/wp\/v2\/comments?post=172"}],"version-history":[{"count":34,"href":"https:\/\/mellamanintensa.adrirodrigob1.es\/ca\/wp-json\/wp\/v2\/pages\/172\/revisions"}],"predecessor-version":[{"id":484,"href":"https:\/\/mellamanintensa.adrirodrigob1.es\/ca\/wp-json\/wp\/v2\/pages\/172\/revisions\/484"}],"wp:attachment":[{"href":"https:\/\/mellamanintensa.adrirodrigob1.es\/ca\/wp-json\/wp\/v2\/media?parent=172"}],"curies":[{"name":"wp","href":"https:\/\/api.w.org\/{rel}","templated":true}]}}